{"id":442,"date":"2024-03-26T13:48:15","date_gmt":"2024-03-26T12:48:15","guid":{"rendered":"http:\/\/juvignac-rc.fr\/V2024\/?page_id=442"},"modified":"2025-09-04T18:30:37","modified_gmt":"2025-09-04T16:30:37","slug":"u8-v","status":"publish","type":"page","link":"https:\/\/juvignac-rc.fr\/index.php\/u8-v\/","title":{"rendered":"U8"},"content":{"rendered":"\t\t<div data-elementor-type=\"wp-page\" data-elementor-id=\"442\" class=\"elementor elementor-442\" data-elementor-post-type=\"page\">\n\t\t\t\t<div class=\"elementor-element elementor-element-9651053 e-flex e-con-boxed e-con e-parent\" data-id=\"9651053\" data-element_type=\"container\" data-settings=\"{&quot;background_background&quot;:&quot;classic&quot;}\">\n\t\t\t\t\t<div class=\"e-con-inner\">\n\t\t\t\t<div class=\"elementor-element elementor-element-aa91780 elementor-widget elementor-widget-heading\" data-id=\"aa91780\" data-element_type=\"widget\" data-widget_type=\"heading.default\">\n\t\t\t\t<div class=\"elementor-widget-container\">\n\t\t\t\t\t<h2 class=\"elementor-heading-title elementor-size-default\">U8<br>(n\u00e9s en 2018-2019)<\/h2>\t\t\t\t<\/div>\n\t\t\t\t<\/div>\n\t\t\t\t\t<\/div>\n\t\t\t\t<\/div>\n\t\t<div class=\"elementor-element elementor-element-cedf097 e-flex e-con-boxed e-con e-parent\" data-id=\"cedf097\" data-element_type=\"container\">\n\t\t\t\t\t<div class=\"e-con-inner\">\n\t\t\t\t<div class=\"elementor-element elementor-element-8bc82f6 elementor-widget elementor-widget-image\" data-id=\"8bc82f6\" data-element_type=\"widget\" data-widget_type=\"image.default\">\n\t\t\t\t<div class=\"elementor-widget-container\">\n\t\t\t\t\t\t\t\t\t\t\t\t\t\t\t<img fetchpriority=\"high\" decoding=\"async\" width=\"800\" height=\"431\" src=\"https:\/\/juvignac-rc.fr\/wp-content\/uploads\/2025\/01\/WhatsApp-Image-2025-01-20-at-17.09.13-1024x552.jpeg\" class=\"attachment-large size-large wp-image-1515\" alt=\"\" srcset=\"https:\/\/juvignac-rc.fr\/wp-content\/uploads\/2025\/01\/WhatsApp-Image-2025-01-20-at-17.09.13-1024x552.jpeg 1024w, https:\/\/juvignac-rc.fr\/wp-content\/uploads\/2025\/01\/WhatsApp-Image-2025-01-20-at-17.09.13-300x162.jpeg 300w, https:\/\/juvignac-rc.fr\/wp-content\/uploads\/2025\/01\/WhatsApp-Image-2025-01-20-at-17.09.13-768x414.jpeg 768w, https:\/\/juvignac-rc.fr\/wp-content\/uploads\/2025\/01\/WhatsApp-Image-2025-01-20-at-17.09.13-1536x828.jpeg 1536w, https:\/\/juvignac-rc.fr\/wp-content\/uploads\/2025\/01\/WhatsApp-Image-2025-01-20-at-17.09.13.jpeg 1796w\" sizes=\"(max-width: 800px) 100vw, 800px\" \/>\t\t\t\t\t\t\t\t\t\t\t\t\t\t\t<\/div>\n\t\t\t\t<\/div>\n\t\t\t\t\t<\/div>\n\t\t\t\t<\/div>\n\t\t<div class=\"elementor-element elementor-element-53ad946 e-flex e-con-boxed e-con e-parent\" data-id=\"53ad946\" data-element_type=\"container\" data-settings=\"{&quot;background_background&quot;:&quot;video&quot;}\">\n\t\t\t\t\t<div class=\"e-con-inner\">\n\t\t\t\t<div class=\"elementor-element elementor-element-74a7e83 elementor-widget elementor-widget-heading\" data-id=\"74a7e83\" data-element_type=\"widget\" data-widget_type=\"heading.default\">\n\t\t\t\t<div class=\"elementor-widget-container\">\n\t\t\t\t\t<h2 class=\"elementor-heading-title elementor-size-default\">Responsable de section<\/h2>\t\t\t\t<\/div>\n\t\t\t\t<\/div>\n\t\t\t\t<div class=\"elementor-element elementor-element-96db319 elementor-widget elementor-widget-text-editor\" data-id=\"96db319\" data-element_type=\"widget\" data-widget_type=\"text-editor.default\">\n\t\t\t\t<div class=\"elementor-widget-container\">\n\t\t\t\t\t\t\t\t\t<p>Laurie<\/p>\t\t\t\t\t\t\t\t<\/div>\n\t\t\t\t<\/div>\n\t\t\t\t<div class=\"elementor-element elementor-element-98e08d7 elementor-widget elementor-widget-heading\" data-id=\"98e08d7\" data-element_type=\"widget\" data-widget_type=\"heading.default\">\n\t\t\t\t<div class=\"elementor-widget-container\">\n\t\t\t\t\t<h2 class=\"elementor-heading-title elementor-size-default\">Coachs<\/h2>\t\t\t\t<\/div>\n\t\t\t\t<\/div>\n\t\t\t\t<div class=\"elementor-element elementor-element-dbf3923 elementor-widget elementor-widget-text-editor\" data-id=\"dbf3923\" data-element_type=\"widget\" data-widget_type=\"text-editor.default\">\n\t\t\t\t<div class=\"elementor-widget-container\">\n\t\t\t\t\t\t\t\t\t<p>Adrien, Vincent, Pat, Jean, Chanel, Marine<\/p>\t\t\t\t\t\t\t\t<\/div>\n\t\t\t\t<\/div>\n\t\t\t\t\t<\/div>\n\t\t\t\t<\/div>\n\t\t<div class=\"elementor-element elementor-element-bd05fcd e-flex e-con-boxed e-con e-parent\" data-id=\"bd05fcd\" data-element_type=\"container\">\n\t\t\t\t\t<div class=\"e-con-inner\">\n\t\t\t\t<div class=\"elementor-element elementor-element-9391632 elementor-widget elementor-widget-heading\" data-id=\"9391632\" data-element_type=\"widget\" data-widget_type=\"heading.default\">\n\t\t\t\t<div class=\"elementor-widget-container\">\n\t\t\t\t\t<h2 class=\"elementor-heading-title elementor-size-default\">Horaires d'entra\u00eenement<\/h2>\t\t\t\t<\/div>\n\t\t\t\t<\/div>\n\t\t\t\t<div class=\"elementor-element elementor-element-269a0b5 elementor-widget elementor-widget-text-editor\" data-id=\"269a0b5\" data-element_type=\"widget\" data-widget_type=\"text-editor.default\">\n\t\t\t\t<div class=\"elementor-widget-container\">\n\t\t\t\t\t\t\t\t\t<p style=\"text-align: center;\">Mercredi : 14h &#8211; 16h<\/p>\t\t\t\t\t\t\t\t<\/div>\n\t\t\t\t<\/div>\n\t\t\t\t<div class=\"elementor-element elementor-element-39d5447 elementor-widget elementor-widget-heading\" data-id=\"39d5447\" data-element_type=\"widget\" data-widget_type=\"heading.default\">\n\t\t\t\t<div class=\"elementor-widget-container\">\n\t\t\t\t\t<h2 class=\"elementor-heading-title elementor-size-default\">R\u00e8gles de jeu - 5 contre 5<\/h2>\t\t\t\t<\/div>\n\t\t\t\t<\/div>\n\t\t\t\t<div class=\"elementor-element elementor-element-8fbc7bf elementor-widget elementor-widget-text-editor\" data-id=\"8fbc7bf\" data-element_type=\"widget\" data-widget_type=\"text-editor.default\">\n\t\t\t\t<div class=\"elementor-widget-container\">\n\t\t\t\t\t\t\t\t\t<p style=\"text-align: center;\">Rugby \u00e0 toucher 2 secondes jusqu&rsquo;\u00e0 fin d\u00e9cembre, puis Rugby plaqu\u00e9 sans rucks<\/p><p style=\"text-align: center;\">Entrainements adapt\u00e9s aux d\u00e9butants<\/p><p style=\"text-align: center;\">Crampons sugg\u00e9r\u00e9s et prot\u00e8ges dents obligatoires<\/p>\t\t\t\t\t\t\t\t<\/div>\n\t\t\t\t<\/div>\n\t\t\t\t\t<\/div>\n\t\t\t\t<\/div>\n\t\t<div class=\"elementor-element elementor-element-238c328 e-flex e-con-boxed e-con e-parent\" data-id=\"238c328\" data-element_type=\"container\">\n\t\t\t\t\t<div class=\"e-con-inner\">\n\t\t\t\t<div class=\"elementor-element elementor-element-a6580bd showmoreimages elementor-widget elementor-widget-gallery\" data-id=\"a6580bd\" data-element_type=\"widget\" data-settings=\"{&quot;gallery_layout&quot;:&quot;justified&quot;,&quot;lazyload&quot;:&quot;yes&quot;,&quot;ideal_row_height&quot;:{&quot;unit&quot;:&quot;px&quot;,&quot;size&quot;:200,&quot;sizes&quot;:[]},&quot;ideal_row_height_tablet&quot;:{&quot;unit&quot;:&quot;px&quot;,&quot;size&quot;:150,&quot;sizes&quot;:[]},&quot;ideal_row_height_mobile&quot;:{&quot;unit&quot;:&quot;px&quot;,&quot;size&quot;:150,&quot;sizes&quot;:[]},&quot;gap&quot;:{&quot;unit&quot;:&quot;px&quot;,&quot;size&quot;:10,&quot;sizes&quot;:[]},&quot;gap_tablet&quot;:{&quot;unit&quot;:&quot;px&quot;,&quot;size&quot;:10,&quot;sizes&quot;:[]},&quot;gap_mobile&quot;:{&quot;unit&quot;:&quot;px&quot;,&quot;size&quot;:10,&quot;sizes&quot;:[]},&quot;link_to&quot;:&quot;file&quot;,&quot;overlay_background&quot;:&quot;yes&quot;,&quot;content_hover_animation&quot;:&quot;fade-in&quot;}\" data-widget_type=\"gallery.default\">\n\t\t\t\t<div class=\"elementor-widget-container\">\n\t\t\t\t\t\t\t<div class=\"elementor-gallery__container\">\n\t\t\t\t\t\t\t<a class=\"e-gallery-item elementor-gallery-item elementor-animated-content\" href=\"https:\/\/juvignac-rc.fr\/wp-content\/uploads\/2025\/02\/IMG_5501.jpg\" data-elementor-open-lightbox=\"yes\" data-elementor-lightbox-slideshow=\"a6580bd\" data-elementor-lightbox-title=\"IMG_5501\" data-e-action-hash=\"#elementor-action%3Aaction%3Dlightbox%26settings%3DeyJpZCI6MjAxMCwidXJsIjoiaHR0cHM6XC9cL2p1dmlnbmFjLXJjLmZyXC93cC1jb250ZW50XC91cGxvYWRzXC8yMDI1XC8wMlwvSU1HXzU1MDEuanBnIiwic2xpZGVzaG93IjoiYTY1ODBiZCJ9\">\n\t\t\t\t\t<div class=\"e-gallery-image elementor-gallery-item__image\" data-thumbnail=\"https:\/\/juvignac-rc.fr\/wp-content\/uploads\/2025\/02\/IMG_5501-300x283.jpg\" data-width=\"300\" data-height=\"283\" aria-label=\"\" role=\"img\" ><\/div>\n\t\t\t\t\t\t\t\t\t\t\t<div class=\"elementor-gallery-item__overlay\"><\/div>\n\t\t\t\t\t\t\t\t\t\t\t\t\t\t<\/a>\n\t\t\t\t\t\t\t<a class=\"e-gallery-item elementor-gallery-item elementor-animated-content\" href=\"https:\/\/juvignac-rc.fr\/wp-content\/uploads\/2025\/02\/IMG_5499.jpg\" data-elementor-open-lightbox=\"yes\" data-elementor-lightbox-slideshow=\"a6580bd\" data-elementor-lightbox-title=\"IMG_5499\" data-e-action-hash=\"#elementor-action%3Aaction%3Dlightbox%26settings%3DeyJpZCI6MjAwOCwidXJsIjoiaHR0cHM6XC9cL2p1dmlnbmFjLXJjLmZyXC93cC1jb250ZW50XC91cGxvYWRzXC8yMDI1XC8wMlwvSU1HXzU0OTkuanBnIiwic2xpZGVzaG93IjoiYTY1ODBiZCJ9\">\n\t\t\t\t\t<div class=\"e-gallery-image elementor-gallery-item__image\" data-thumbnail=\"https:\/\/juvignac-rc.fr\/wp-content\/uploads\/2025\/02\/IMG_5499-243x300.jpg\" data-width=\"243\" data-height=\"300\" aria-label=\"\" role=\"img\" ><\/div>\n\t\t\t\t\t\t\t\t\t\t\t<div class=\"elementor-gallery-item__overlay\"><\/div>\n\t\t\t\t\t\t\t\t\t\t\t\t\t\t<\/a>\n\t\t\t\t\t\t\t<a class=\"e-gallery-item elementor-gallery-item elementor-animated-content\" href=\"https:\/\/juvignac-rc.fr\/wp-content\/uploads\/2025\/02\/IMG_5495.jpg\" data-elementor-open-lightbox=\"yes\" data-elementor-lightbox-slideshow=\"a6580bd\" data-elementor-lightbox-title=\"IMG_5495\" data-e-action-hash=\"#elementor-action%3Aaction%3Dlightbox%26settings%3DeyJpZCI6MjAwNCwidXJsIjoiaHR0cHM6XC9cL2p1dmlnbmFjLXJjLmZyXC93cC1jb250ZW50XC91cGxvYWRzXC8yMDI1XC8wMlwvSU1HXzU0OTUuanBnIiwic2xpZGVzaG93IjoiYTY1ODBiZCJ9\">\n\t\t\t\t\t<div class=\"e-gallery-image elementor-gallery-item__image\" data-thumbnail=\"https:\/\/juvignac-rc.fr\/wp-content\/uploads\/2025\/02\/IMG_5495-300x195.jpg\" data-width=\"300\" data-height=\"195\" aria-label=\"\" role=\"img\" ><\/div>\n\t\t\t\t\t\t\t\t\t\t\t<div class=\"elementor-gallery-item__overlay\"><\/div>\n\t\t\t\t\t\t\t\t\t\t\t\t\t\t<\/a>\n\t\t\t\t\t\t\t<a class=\"e-gallery-item elementor-gallery-item elementor-animated-content\" href=\"https:\/\/juvignac-rc.fr\/wp-content\/uploads\/2025\/02\/IMG_5494.jpg\" data-elementor-open-lightbox=\"yes\" data-elementor-lightbox-slideshow=\"a6580bd\" data-elementor-lightbox-title=\"IMG_5494\" data-e-action-hash=\"#elementor-action%3Aaction%3Dlightbox%26settings%3DeyJpZCI6MjAwMywidXJsIjoiaHR0cHM6XC9cL2p1dmlnbmFjLXJjLmZyXC93cC1jb250ZW50XC91cGxvYWRzXC8yMDI1XC8wMlwvSU1HXzU0OTQuanBnIiwic2xpZGVzaG93IjoiYTY1ODBiZCJ9\">\n\t\t\t\t\t<div class=\"e-gallery-image elementor-gallery-item__image\" data-thumbnail=\"https:\/\/juvignac-rc.fr\/wp-content\/uploads\/2025\/02\/IMG_5494-300x225.jpg\" data-width=\"300\" data-height=\"225\" aria-label=\"\" role=\"img\" ><\/div>\n\t\t\t\t\t\t\t\t\t\t\t<div class=\"elementor-gallery-item__overlay\"><\/div>\n\t\t\t\t\t\t\t\t\t\t\t\t\t\t<\/a>\n\t\t\t\t\t\t\t<a class=\"e-gallery-item elementor-gallery-item elementor-animated-content\" href=\"https:\/\/juvignac-rc.fr\/wp-content\/uploads\/2025\/02\/IMG_5482.jpg\" data-elementor-open-lightbox=\"yes\" data-elementor-lightbox-slideshow=\"a6580bd\" data-elementor-lightbox-title=\"IMG_5482\" data-e-action-hash=\"#elementor-action%3Aaction%3Dlightbox%26settings%3DeyJpZCI6MTk5MSwidXJsIjoiaHR0cHM6XC9cL2p1dmlnbmFjLXJjLmZyXC93cC1jb250ZW50XC91cGxvYWRzXC8yMDI1XC8wMlwvSU1HXzU0ODIuanBnIiwic2xpZGVzaG93IjoiYTY1ODBiZCJ9\">\n\t\t\t\t\t<div class=\"e-gallery-image elementor-gallery-item__image\" data-thumbnail=\"https:\/\/juvignac-rc.fr\/wp-content\/uploads\/2025\/02\/IMG_5482-300x225.jpg\" data-width=\"300\" data-height=\"225\" aria-label=\"\" role=\"img\" ><\/div>\n\t\t\t\t\t\t\t\t\t\t\t<div class=\"elementor-gallery-item__overlay\"><\/div>\n\t\t\t\t\t\t\t\t\t\t\t\t\t\t<\/a>\n\t\t\t\t\t\t\t<a class=\"e-gallery-item elementor-gallery-item elementor-animated-content\" href=\"https:\/\/juvignac-rc.fr\/wp-content\/uploads\/2025\/02\/IMG_5490.jpg\" data-elementor-open-lightbox=\"yes\" data-elementor-lightbox-slideshow=\"a6580bd\" data-elementor-lightbox-title=\"IMG_5490\" data-e-action-hash=\"#elementor-action%3Aaction%3Dlightbox%26settings%3DeyJpZCI6MTk5OSwidXJsIjoiaHR0cHM6XC9cL2p1dmlnbmFjLXJjLmZyXC93cC1jb250ZW50XC91cGxvYWRzXC8yMDI1XC8wMlwvSU1HXzU0OTAuanBnIiwic2xpZGVzaG93IjoiYTY1ODBiZCJ9\">\n\t\t\t\t\t<div class=\"e-gallery-image elementor-gallery-item__image\" data-thumbnail=\"https:\/\/juvignac-rc.fr\/wp-content\/uploads\/2025\/02\/IMG_5490-300x188.jpg\" data-width=\"300\" data-height=\"188\" aria-label=\"\" role=\"img\" ><\/div>\n\t\t\t\t\t\t\t\t\t\t\t<div class=\"elementor-gallery-item__overlay\"><\/div>\n\t\t\t\t\t\t\t\t\t\t\t\t\t\t<\/a>\n\t\t\t\t\t<\/div>\n\t\t\t\t\t<\/div>\n\t\t\t\t<\/div>\n\t\t\t\t<div class=\"elementor-element elementor-element-5412dd0 elementor-widget elementor-widget-html\" data-id=\"5412dd0\" data-element_type=\"widget\" data-widget_type=\"html.default\">\n\t\t\t\t<div class=\"elementor-widget-container\">\n\t\t\t\t\t<script>\r\n\r\nlet galleries,\r\nshownAmount = 9, \/* How many images will be shown by default *\/\r\nviewMoreMessage = 'Voir 5 de plus'; \/* Enter your message here, keep the XX for where the additional images count will be dynamically entered. Needs to look like this: 'See XX More' *\/\r\n\r\ndocument.addEventListener('DOMContentLoaded', function() {\r\n\r\ngalleries = document.querySelectorAll('.showmoreimages');\r\n\r\nsetTimeout(function(){\r\nviewMoreGalleries();\r\n}, 2700);\r\n\r\nwindow.addEventListener(\"resize\", function() {\r\nsetTimeout(function(){\r\nviewMoreGalleries();\r\n}, 777);\r\n});\r\n\r\n});\r\n\r\nfunction viewMoreGalleries(){\r\n\r\ngalleries.forEach((e,i) => {\r\n\r\nlet galleryItems = e.querySelectorAll('.elementor-gallery-item');\r\nlet viewMoreImagesCount = 0;\r\nfor (let i = shownAmount; i < galleryItems.length; i++){\r\ngalleryItems[i].style.display = 'none';\r\nviewMoreImagesCount++;\r\n}\r\n\r\nlet galleryOffsetDiv = e.querySelector('.elementor-widget-container');\r\n\r\nlet offSet = galleryItems[shownAmount - 1].getBoundingClientRect().bottom - e.getBoundingClientRect().top;\r\n\r\ngalleryOffsetDiv.style.height = offSet + 'px';\r\n\r\ngalleryItems[shownAmount - 1].setAttribute('data-count', viewMoreMessage.replace('XX',viewMoreImagesCount));\r\n\r\ncssDiv.innerHTML = `\r\n.showmoreimages .elementor-gallery-item:nth-child(${shownAmount}):before {\r\ncontent: attr(data-count);\r\ntext-align: center;\r\nz-index: 5;\r\nmargin: 0;\r\nposition: absolute;\r\ntop: 50%;\r\nleft: 50%;\r\ntransform: translate(-50%, -50%);\r\ndisplay: flex;\r\njustify-content: center;\r\nalign-items: center;\r\n\/* Edit the below CSS to adjust the 'view more' card styling *\/\r\ntext-transform: uppercase;\r\nfont-weight: 900;\r\nfont-size: 1rem;\r\nfont-family:inherit;\r\nwidth:90%;\r\nheight:90%;\r\ncolor: white;\r\nbackground-color: rgba(0, 0, 0, 0.4);\r\n}`\r\n});\r\n}\r\n\r\nlet cssDiv = document.createElement('style');\r\ndocument.querySelector('head').appendChild(cssDiv);\r\n<\/script>\r\n\t\t\t\t<\/div>\n\t\t\t\t<\/div>\n\t\t\t\t\t<\/div>\n\t\t\t\t<\/div>\n\t\t\t\t<\/div>\n\t\t","protected":false},"excerpt":{"rendered":"<p>U8(n\u00e9s en 2018-2019) Responsable de section Laurie Coachs Adrien, Vincent, Pat, Jean, Chanel, Marine Horaires d&rsquo;entra\u00eenement Mercredi : 14h &#8211; 16h R\u00e8gles de jeu &#8211; 5 contre 5 Rugby \u00e0 toucher 2 secondes jusqu&rsquo;\u00e0 fin d\u00e9cembre, puis Rugby plaqu\u00e9 sans rucks Entrainements adapt\u00e9s aux d\u00e9butants Crampons sugg\u00e9r\u00e9s et prot\u00e8ges dents obligatoires<\/p>\n","protected":false},"author":1,"featured_media":0,"parent":0,"menu_order":0,"comment_status":"closed","ping_status":"closed","template":"elementor_header_footer","meta":{"footnotes":""},"class_list":["post-442","page","type-page","status-publish","hentry"],"_links":{"self":[{"href":"https:\/\/juvignac-rc.fr\/index.php\/wp-json\/wp\/v2\/pages\/442","targetHints":{"allow":["GET"]}}],"collection":[{"href":"https:\/\/juvignac-rc.fr\/index.php\/wp-json\/wp\/v2\/pages"}],"about":[{"href":"https:\/\/juvignac-rc.fr\/index.php\/wp-json\/wp\/v2\/types\/page"}],"author":[{"embeddable":true,"href":"https:\/\/juvignac-rc.fr\/index.php\/wp-json\/wp\/v2\/users\/1"}],"replies":[{"embeddable":true,"href":"https:\/\/juvignac-rc.fr\/index.php\/wp-json\/wp\/v2\/comments?post=442"}],"version-history":[{"count":47,"href":"https:\/\/juvignac-rc.fr\/index.php\/wp-json\/wp\/v2\/pages\/442\/revisions"}],"predecessor-version":[{"id":2170,"href":"https:\/\/juvignac-rc.fr\/index.php\/wp-json\/wp\/v2\/pages\/442\/revisions\/2170"}],"wp:attachment":[{"href":"https:\/\/juvignac-rc.fr\/index.php\/wp-json\/wp\/v2\/media?parent=442"}],"curies":[{"name":"wp","href":"https:\/\/api.w.org\/{rel}","templated":true}]}}