{"id":330,"date":"2024-03-12T11:39:23","date_gmt":"2024-03-12T10:39:23","guid":{"rendered":"http:\/\/juvignac-rc.fr\/V2024\/?page_id=330"},"modified":"2025-09-19T18:14:01","modified_gmt":"2025-09-19T16:14:01","slug":"rugby-a-5","status":"publish","type":"page","link":"https:\/\/juvignac-rc.fr\/index.php\/rugby-a-5\/","title":{"rendered":"Rugby \u00e0 5"},"content":{"rendered":"\t\t<div data-elementor-type=\"wp-page\" data-elementor-id=\"330\" class=\"elementor elementor-330\" data-elementor-post-type=\"page\">\n\t\t\t\t<div class=\"elementor-element elementor-element-1c893ba e-flex e-con-boxed e-con e-parent\" data-id=\"1c893ba\" data-element_type=\"container\" data-settings=\"{&quot;background_background&quot;:&quot;classic&quot;}\">\n\t\t\t\t\t<div class=\"e-con-inner\">\n\t\t\t\t<div class=\"elementor-element elementor-element-2533fe2 elementor-widget elementor-widget-heading\" data-id=\"2533fe2\" data-element_type=\"widget\" data-widget_type=\"heading.default\">\n\t\t\t\t<div class=\"elementor-widget-container\">\n\t\t\t\t\t<h1 class=\"elementor-heading-title elementor-size-default\">Rugby \u00e0 5<\/h1>\t\t\t\t<\/div>\n\t\t\t\t<\/div>\n\t\t\t\t\t<\/div>\n\t\t\t\t<\/div>\n\t\t<div class=\"elementor-element elementor-element-fe3b3ef e-flex e-con-boxed e-con e-parent\" data-id=\"fe3b3ef\" data-element_type=\"container\">\n\t\t\t\t\t<div class=\"e-con-inner\">\n\t\t\t\t<div class=\"elementor-element elementor-element-15e97e8 elementor-widget elementor-widget-heading\" data-id=\"15e97e8\" data-element_type=\"widget\" data-widget_type=\"heading.default\">\n\t\t\t\t<div class=\"elementor-widget-container\">\n\t\t\t\t\t<h2 class=\"elementor-heading-title elementor-size-default\">Section mixte de rugby \u00e0 toucher<\/h2>\t\t\t\t<\/div>\n\t\t\t\t<\/div>\n\t\t\t\t\t<\/div>\n\t\t\t\t<\/div>\n\t\t<div class=\"elementor-element elementor-element-1726b5d e-flex e-con-boxed e-con e-parent\" data-id=\"1726b5d\" data-element_type=\"container\">\n\t\t\t\t\t<div class=\"e-con-inner\">\n\t\t\t\t<div class=\"elementor-element elementor-element-1ed3cd3 elementor-widget elementor-widget-image\" data-id=\"1ed3cd3\" data-element_type=\"widget\" data-widget_type=\"image.default\">\n\t\t\t\t<div class=\"elementor-widget-container\">\n\t\t\t\t\t\t\t\t\t\t\t\t\t\t\t<img fetchpriority=\"high\" decoding=\"async\" width=\"800\" height=\"381\" src=\"https:\/\/juvignac-rc.fr\/wp-content\/uploads\/2025\/01\/WhatsApp-Image-2025-01-20-at-17.08.12-1024x488.jpeg\" class=\"attachment-large size-large wp-image-1514\" alt=\"\" srcset=\"https:\/\/juvignac-rc.fr\/wp-content\/uploads\/2025\/01\/WhatsApp-Image-2025-01-20-at-17.08.12-1024x488.jpeg 1024w, https:\/\/juvignac-rc.fr\/wp-content\/uploads\/2025\/01\/WhatsApp-Image-2025-01-20-at-17.08.12-300x143.jpeg 300w, https:\/\/juvignac-rc.fr\/wp-content\/uploads\/2025\/01\/WhatsApp-Image-2025-01-20-at-17.08.12-768x366.jpeg 768w, https:\/\/juvignac-rc.fr\/wp-content\/uploads\/2025\/01\/WhatsApp-Image-2025-01-20-at-17.08.12-1536x732.jpeg 1536w, https:\/\/juvignac-rc.fr\/wp-content\/uploads\/2025\/01\/WhatsApp-Image-2025-01-20-at-17.08.12.jpeg 1985w\" sizes=\"(max-width: 800px) 100vw, 800px\" \/>\t\t\t\t\t\t\t\t\t\t\t\t\t\t\t<\/div>\n\t\t\t\t<\/div>\n\t\t\t\t\t<\/div>\n\t\t\t\t<\/div>\n\t\t<div class=\"elementor-element elementor-element-a2422b9 e-flex e-con-boxed e-con e-parent\" data-id=\"a2422b9\" data-element_type=\"container\">\n\t\t\t\t\t<div class=\"e-con-inner\">\n\t\t\t\t<div class=\"elementor-element elementor-element-fb53ab9 elementor-widget elementor-widget-heading\" data-id=\"fb53ab9\" data-element_type=\"widget\" data-widget_type=\"heading.default\">\n\t\t\t\t<div class=\"elementor-widget-container\">\n\t\t\t\t\t<h1 class=\"elementor-heading-title elementor-size-default\">R\u00e9f\u00e9rent de la section<\/h1>\t\t\t\t<\/div>\n\t\t\t\t<\/div>\n\t\t\t\t<div class=\"elementor-element elementor-element-76efb3e elementor-widget elementor-widget-text-editor\" data-id=\"76efb3e\" data-element_type=\"widget\" data-widget_type=\"text-editor.default\">\n\t\t\t\t<div class=\"elementor-widget-container\">\n\t\t\t\t\t\t\t\t\t<p>Ludovic<\/p>\t\t\t\t\t\t\t\t<\/div>\n\t\t\t\t<\/div>\n\t\t\t\t<div class=\"elementor-element elementor-element-8f453c1 elementor-widget elementor-widget-heading\" data-id=\"8f453c1\" data-element_type=\"widget\" data-widget_type=\"heading.default\">\n\t\t\t\t<div class=\"elementor-widget-container\">\n\t\t\t\t\t<h2 class=\"elementor-heading-title elementor-size-default\">Coachs<\/h2>\t\t\t\t<\/div>\n\t\t\t\t<\/div>\n\t\t\t\t<div class=\"elementor-element elementor-element-0be1b6b elementor-widget elementor-widget-text-editor\" data-id=\"0be1b6b\" data-element_type=\"widget\" data-widget_type=\"text-editor.default\">\n\t\t\t\t<div class=\"elementor-widget-container\">\n\t\t\t\t\t\t\t\t\t<p>Pierre \/ J\u00e9r\u00f4me \/ Adrien \/ Charly \/ Pat<\/p>\t\t\t\t\t\t\t\t<\/div>\n\t\t\t\t<\/div>\n\t\t\t\t\t<\/div>\n\t\t\t\t<\/div>\n\t\t<div class=\"elementor-element elementor-element-1aa5015 e-flex e-con-boxed e-con e-parent\" data-id=\"1aa5015\" data-element_type=\"container\">\n\t\t\t\t\t<div class=\"e-con-inner\">\n\t\t\t\t<div class=\"elementor-element elementor-element-3708e7c elementor-button-info e-transform elementor-widget elementor-widget-button\" data-id=\"3708e7c\" data-element_type=\"widget\" data-settings=\"{&quot;_transform_scale_effect&quot;:{&quot;unit&quot;:&quot;px&quot;,&quot;size&quot;:1.2,&quot;sizes&quot;:[]},&quot;_transform_scale_effect_tablet&quot;:{&quot;unit&quot;:&quot;px&quot;,&quot;size&quot;:&quot;&quot;,&quot;sizes&quot;:[]},&quot;_transform_scale_effect_mobile&quot;:{&quot;unit&quot;:&quot;px&quot;,&quot;size&quot;:&quot;&quot;,&quot;sizes&quot;:[]}}\" data-widget_type=\"button.default\">\n\t\t\t\t<div class=\"elementor-widget-container\">\n\t\t\t\t\t\t\t\t\t<div class=\"elementor-button-wrapper\">\n\t\t\t\t\t<a class=\"elementor-button elementor-button-link elementor-size-sm\" href=\"tel:+33781357171\">\n\t\t\t\t\t\t<span class=\"elementor-button-content-wrapper\">\n\t\t\t\t\t\t\t\t\t<span class=\"elementor-button-text\">Contacter le rugby \u00e0 5<\/span>\n\t\t\t\t\t<\/span>\n\t\t\t\t\t<\/a>\n\t\t\t\t<\/div>\n\t\t\t\t\t\t\t\t<\/div>\n\t\t\t\t<\/div>\n\t\t\t\t\t<\/div>\n\t\t\t\t<\/div>\n\t\t<div class=\"elementor-element elementor-element-bb96c52 e-flex e-con-boxed e-con e-parent\" data-id=\"bb96c52\" data-element_type=\"container\">\n\t\t\t\t\t<div class=\"e-con-inner\">\n\t\t\t\t<div class=\"elementor-element elementor-element-05e8c4e elementor-widget elementor-widget-heading\" data-id=\"05e8c4e\" data-element_type=\"widget\" data-widget_type=\"heading.default\">\n\t\t\t\t<div class=\"elementor-widget-container\">\n\t\t\t\t\t<h2 class=\"elementor-heading-title elementor-size-default\">Horaires d'entrainement<\/h2>\t\t\t\t<\/div>\n\t\t\t\t<\/div>\n\t\t\t\t<div class=\"elementor-element elementor-element-7194ffc elementor-widget elementor-widget-text-editor\" data-id=\"7194ffc\" data-element_type=\"widget\" data-widget_type=\"text-editor.default\">\n\t\t\t\t<div class=\"elementor-widget-container\">\n\t\t\t\t\t\t\t\t\t<p>Lundi :\u00a0<span style=\"font-size: 1rem;\">19h30 &#8211; 21h30<\/span><\/p><p>Vendredi :\u00a0<span style=\"font-size: 1rem;\">19h30 &#8211; 22h<\/span><\/p>\t\t\t\t\t\t\t\t<\/div>\n\t\t\t\t<\/div>\n\t\t\t\t<div class=\"elementor-element elementor-element-6e83a19 elementor-widget elementor-widget-heading\" data-id=\"6e83a19\" data-element_type=\"widget\" data-widget_type=\"heading.default\">\n\t\t\t\t<div class=\"elementor-widget-container\">\n\t\t\t\t\t<h2 class=\"elementor-heading-title elementor-size-default\">R\u00e8gles de jeu - 5 contre 5<\/h2>\t\t\t\t<\/div>\n\t\t\t\t<\/div>\n\t\t\t\t<div class=\"elementor-element elementor-element-19ce6cf elementor-widget elementor-widget-text-editor\" data-id=\"19ce6cf\" data-element_type=\"widget\" data-widget_type=\"text-editor.default\">\n\t\t\t\t<div class=\"elementor-widget-container\">\n\t\t\t\t\t\t\t\t\t<p>Rugby \u00e0 toucher<\/p><p>\u00c9chauffement &#8211; Ateliers &#8211; Matchs<\/p><p>Entra\u00eenements adapt\u00e9s aux d\u00e9butants<\/p>\t\t\t\t\t\t\t\t<\/div>\n\t\t\t\t<\/div>\n\t\t\t\t\t<\/div>\n\t\t\t\t<\/div>\n\t\t<div class=\"elementor-element elementor-element-d677fb6 e-flex e-con-boxed e-con e-parent\" data-id=\"d677fb6\" data-element_type=\"container\">\n\t\t\t\t\t<div class=\"e-con-inner\">\n\t\t\t\t<div class=\"elementor-element elementor-element-f18191d elementor-widget elementor-widget-gallery\" data-id=\"f18191d\" data-element_type=\"widget\" data-settings=\"{&quot;lazyload&quot;:&quot;yes&quot;,&quot;gallery_layout&quot;:&quot;grid&quot;,&quot;columns&quot;:4,&quot;columns_tablet&quot;:2,&quot;columns_mobile&quot;:1,&quot;gap&quot;:{&quot;unit&quot;:&quot;px&quot;,&quot;size&quot;:10,&quot;sizes&quot;:[]},&quot;gap_tablet&quot;:{&quot;unit&quot;:&quot;px&quot;,&quot;size&quot;:10,&quot;sizes&quot;:[]},&quot;gap_mobile&quot;:{&quot;unit&quot;:&quot;px&quot;,&quot;size&quot;:10,&quot;sizes&quot;:[]},&quot;link_to&quot;:&quot;file&quot;,&quot;aspect_ratio&quot;:&quot;3:2&quot;,&quot;overlay_background&quot;:&quot;yes&quot;,&quot;content_hover_animation&quot;:&quot;fade-in&quot;}\" data-widget_type=\"gallery.default\">\n\t\t\t\t<div class=\"elementor-widget-container\">\n\t\t\t\t\t\t\t<div class=\"elementor-gallery__container\">\n\t\t\t\t\t\t\t<a class=\"e-gallery-item elementor-gallery-item elementor-animated-content\" href=\"https:\/\/juvignac-rc.fr\/wp-content\/uploads\/2025\/02\/IMG_5480.jpg\" data-elementor-open-lightbox=\"yes\" data-elementor-lightbox-slideshow=\"f18191d\" data-elementor-lightbox-title=\"IMG_5480\" data-e-action-hash=\"#elementor-action%3Aaction%3Dlightbox%26settings%3DeyJpZCI6MTk4OSwidXJsIjoiaHR0cHM6XC9cL2p1dmlnbmFjLXJjLmZyXC93cC1jb250ZW50XC91cGxvYWRzXC8yMDI1XC8wMlwvSU1HXzU0ODAuanBnIiwic2xpZGVzaG93IjoiZjE4MTkxZCJ9\">\n\t\t\t\t\t<div class=\"e-gallery-image elementor-gallery-item__image\" data-thumbnail=\"https:\/\/juvignac-rc.fr\/wp-content\/uploads\/2025\/02\/IMG_5480-300x154.jpg\" data-width=\"300\" data-height=\"154\" aria-label=\"\" role=\"img\" ><\/div>\n\t\t\t\t\t\t\t\t\t\t\t<div class=\"elementor-gallery-item__overlay\"><\/div>\n\t\t\t\t\t\t\t\t\t\t\t\t\t\t<\/a>\n\t\t\t\t\t\t\t<a class=\"e-gallery-item elementor-gallery-item elementor-animated-content\" href=\"https:\/\/juvignac-rc.fr\/wp-content\/uploads\/2024\/05\/R5-2.jpeg\" data-elementor-open-lightbox=\"yes\" data-elementor-lightbox-slideshow=\"f18191d\" data-elementor-lightbox-title=\"R5 2\" data-e-action-hash=\"#elementor-action%3Aaction%3Dlightbox%26settings%3DeyJpZCI6MTMyMiwidXJsIjoiaHR0cHM6XC9cL2p1dmlnbmFjLXJjLmZyXC93cC1jb250ZW50XC91cGxvYWRzXC8yMDI0XC8wNVwvUjUtMi5qcGVnIiwic2xpZGVzaG93IjoiZjE4MTkxZCJ9\">\n\t\t\t\t\t<div class=\"e-gallery-image elementor-gallery-item__image\" data-thumbnail=\"https:\/\/juvignac-rc.fr\/wp-content\/uploads\/2024\/05\/R5-2-300x140.jpeg\" data-width=\"300\" data-height=\"140\" aria-label=\"\" role=\"img\" ><\/div>\n\t\t\t\t\t\t\t\t\t\t\t<div class=\"elementor-gallery-item__overlay\"><\/div>\n\t\t\t\t\t\t\t\t\t\t\t\t\t\t<\/a>\n\t\t\t\t\t\t\t<a class=\"e-gallery-item elementor-gallery-item elementor-animated-content\" href=\"https:\/\/juvignac-rc.fr\/wp-content\/uploads\/2024\/05\/R5-3.jpeg\" data-elementor-open-lightbox=\"yes\" data-elementor-lightbox-slideshow=\"f18191d\" data-elementor-lightbox-title=\"R5 3\" data-e-action-hash=\"#elementor-action%3Aaction%3Dlightbox%26settings%3DeyJpZCI6MTMyMywidXJsIjoiaHR0cHM6XC9cL2p1dmlnbmFjLXJjLmZyXC93cC1jb250ZW50XC91cGxvYWRzXC8yMDI0XC8wNVwvUjUtMy5qcGVnIiwic2xpZGVzaG93IjoiZjE4MTkxZCJ9\">\n\t\t\t\t\t<div class=\"e-gallery-image elementor-gallery-item__image\" data-thumbnail=\"https:\/\/juvignac-rc.fr\/wp-content\/uploads\/2024\/05\/R5-3-300x209.jpeg\" data-width=\"300\" data-height=\"209\" aria-label=\"\" role=\"img\" ><\/div>\n\t\t\t\t\t\t\t\t\t\t\t<div class=\"elementor-gallery-item__overlay\"><\/div>\n\t\t\t\t\t\t\t\t\t\t\t\t\t\t<\/a>\n\t\t\t\t\t\t\t<a class=\"e-gallery-item elementor-gallery-item elementor-animated-content\" href=\"https:\/\/juvignac-rc.fr\/wp-content\/uploads\/2024\/05\/R5-4.jpeg\" data-elementor-open-lightbox=\"yes\" data-elementor-lightbox-slideshow=\"f18191d\" data-elementor-lightbox-title=\"R5 4\" data-e-action-hash=\"#elementor-action%3Aaction%3Dlightbox%26settings%3DeyJpZCI6MTMyNCwidXJsIjoiaHR0cHM6XC9cL2p1dmlnbmFjLXJjLmZyXC93cC1jb250ZW50XC91cGxvYWRzXC8yMDI0XC8wNVwvUjUtNC5qcGVnIiwic2xpZGVzaG93IjoiZjE4MTkxZCJ9\">\n\t\t\t\t\t<div class=\"e-gallery-image elementor-gallery-item__image\" data-thumbnail=\"https:\/\/juvignac-rc.fr\/wp-content\/uploads\/2024\/05\/R5-4-300x130.jpeg\" data-width=\"300\" data-height=\"130\" aria-label=\"\" role=\"img\" ><\/div>\n\t\t\t\t\t\t\t\t\t\t\t<div class=\"elementor-gallery-item__overlay\"><\/div>\n\t\t\t\t\t\t\t\t\t\t\t\t\t\t<\/a>\n\t\t\t\t\t\t\t<a class=\"e-gallery-item elementor-gallery-item elementor-animated-content\" href=\"https:\/\/juvignac-rc.fr\/wp-content\/uploads\/2024\/05\/R5-5.jpeg\" data-elementor-open-lightbox=\"yes\" data-elementor-lightbox-slideshow=\"f18191d\" data-elementor-lightbox-title=\"R5 5\" data-e-action-hash=\"#elementor-action%3Aaction%3Dlightbox%26settings%3DeyJpZCI6MTMyNSwidXJsIjoiaHR0cHM6XC9cL2p1dmlnbmFjLXJjLmZyXC93cC1jb250ZW50XC91cGxvYWRzXC8yMDI0XC8wNVwvUjUtNS5qcGVnIiwic2xpZGVzaG93IjoiZjE4MTkxZCJ9\">\n\t\t\t\t\t<div class=\"e-gallery-image elementor-gallery-item__image\" data-thumbnail=\"https:\/\/juvignac-rc.fr\/wp-content\/uploads\/2024\/05\/R5-5-300x263.jpeg\" data-width=\"300\" data-height=\"263\" aria-label=\"\" role=\"img\" ><\/div>\n\t\t\t\t\t\t\t\t\t\t\t<div class=\"elementor-gallery-item__overlay\"><\/div>\n\t\t\t\t\t\t\t\t\t\t\t\t\t\t<\/a>\n\t\t\t\t\t\t\t<a class=\"e-gallery-item elementor-gallery-item elementor-animated-content\" href=\"https:\/\/juvignac-rc.fr\/wp-content\/uploads\/2024\/05\/R5-6.jpeg\" data-elementor-open-lightbox=\"yes\" data-elementor-lightbox-slideshow=\"f18191d\" data-elementor-lightbox-title=\"R5 6\" data-e-action-hash=\"#elementor-action%3Aaction%3Dlightbox%26settings%3DeyJpZCI6MTMyNiwidXJsIjoiaHR0cHM6XC9cL2p1dmlnbmFjLXJjLmZyXC93cC1jb250ZW50XC91cGxvYWRzXC8yMDI0XC8wNVwvUjUtNi5qcGVnIiwic2xpZGVzaG93IjoiZjE4MTkxZCJ9\">\n\t\t\t\t\t<div class=\"e-gallery-image elementor-gallery-item__image\" data-thumbnail=\"https:\/\/juvignac-rc.fr\/wp-content\/uploads\/2024\/05\/R5-6-300x224.jpeg\" data-width=\"300\" data-height=\"224\" aria-label=\"\" role=\"img\" ><\/div>\n\t\t\t\t\t\t\t\t\t\t\t<div class=\"elementor-gallery-item__overlay\"><\/div>\n\t\t\t\t\t\t\t\t\t\t\t\t\t\t<\/a>\n\t\t\t\t\t\t\t<a class=\"e-gallery-item elementor-gallery-item elementor-animated-content\" href=\"https:\/\/juvignac-rc.fr\/wp-content\/uploads\/2024\/05\/R5-7.jpeg\" data-elementor-open-lightbox=\"yes\" data-elementor-lightbox-slideshow=\"f18191d\" data-elementor-lightbox-title=\"R5 7\" data-e-action-hash=\"#elementor-action%3Aaction%3Dlightbox%26settings%3DeyJpZCI6MTMyNywidXJsIjoiaHR0cHM6XC9cL2p1dmlnbmFjLXJjLmZyXC93cC1jb250ZW50XC91cGxvYWRzXC8yMDI0XC8wNVwvUjUtNy5qcGVnIiwic2xpZGVzaG93IjoiZjE4MTkxZCJ9\">\n\t\t\t\t\t<div class=\"e-gallery-image elementor-gallery-item__image\" data-thumbnail=\"https:\/\/juvignac-rc.fr\/wp-content\/uploads\/2024\/05\/R5-7-300x232.jpeg\" data-width=\"300\" data-height=\"232\" aria-label=\"\" role=\"img\" ><\/div>\n\t\t\t\t\t\t\t\t\t\t\t<div class=\"elementor-gallery-item__overlay\"><\/div>\n\t\t\t\t\t\t\t\t\t\t\t\t\t\t<\/a>\n\t\t\t\t\t<\/div>\n\t\t\t\t\t<\/div>\n\t\t\t\t<\/div>\n\t\t\t\t\t<\/div>\n\t\t\t\t<\/div>\n\t\t\t\t<\/div>\n\t\t","protected":false},"excerpt":{"rendered":"<p>Rugby \u00e0 5 Section mixte de rugby \u00e0 toucher R\u00e9f\u00e9rent de la section Ludovic Coachs Pierre \/ J\u00e9r\u00f4me \/ Adrien \/ Charly \/ Pat Contacter le rugby \u00e0 5 Horaires d&rsquo;entrainement Lundi :\u00a019h30 &#8211; 21h30 Vendredi :\u00a019h30 &#8211; 22h R\u00e8gles de jeu &#8211; 5 contre 5 Rugby \u00e0 toucher \u00c9chauffement &#8211; Ateliers &#8211; Matchs Entra\u00eenements [&hellip;]<\/p>\n","protected":false},"author":1,"featured_media":0,"parent":0,"menu_order":0,"comment_status":"closed","ping_status":"closed","template":"elementor_header_footer","meta":{"footnotes":""},"class_list":["post-330","page","type-page","status-publish","hentry"],"_links":{"self":[{"href":"https:\/\/juvignac-rc.fr\/index.php\/wp-json\/wp\/v2\/pages\/330","targetHints":{"allow":["GET"]}}],"collection":[{"href":"https:\/\/juvignac-rc.fr\/index.php\/wp-json\/wp\/v2\/pages"}],"about":[{"href":"https:\/\/juvignac-rc.fr\/index.php\/wp-json\/wp\/v2\/types\/page"}],"author":[{"embeddable":true,"href":"https:\/\/juvignac-rc.fr\/index.php\/wp-json\/wp\/v2\/users\/1"}],"replies":[{"embeddable":true,"href":"https:\/\/juvignac-rc.fr\/index.php\/wp-json\/wp\/v2\/comments?post=330"}],"version-history":[{"count":82,"href":"https:\/\/juvignac-rc.fr\/index.php\/wp-json\/wp\/v2\/pages\/330\/revisions"}],"predecessor-version":[{"id":2195,"href":"https:\/\/juvignac-rc.fr\/index.php\/wp-json\/wp\/v2\/pages\/330\/revisions\/2195"}],"wp:attachment":[{"href":"https:\/\/juvignac-rc.fr\/index.php\/wp-json\/wp\/v2\/media?parent=330"}],"curies":[{"name":"wp","href":"https:\/\/api.w.org\/{rel}","templated":true}]}}