{"id":324,"date":"2024-03-12T11:37:48","date_gmt":"2024-03-12T10:37:48","guid":{"rendered":"http:\/\/juvignac-rc.fr\/V2024\/?page_id=324"},"modified":"2025-02-11T10:32:41","modified_gmt":"2025-02-11T09:32:41","slug":"lassociation","status":"publish","type":"page","link":"https:\/\/juvignac-rc.fr\/index.php\/lassociation\/","title":{"rendered":"L&rsquo;association"},"content":{"rendered":"\t\t<div data-elementor-type=\"wp-page\" data-elementor-id=\"324\" class=\"elementor elementor-324\" data-elementor-post-type=\"page\">\n\t\t\t\t<div class=\"elementor-element elementor-element-cf712e3 e-flex e-con-boxed e-con e-parent\" data-id=\"cf712e3\" data-element_type=\"container\">\n\t\t\t\t\t<div class=\"e-con-inner\">\n\t\t\t\t<div class=\"elementor-element elementor-element-a6499aa elementor-widget elementor-widget-heading\" data-id=\"a6499aa\" data-element_type=\"widget\" data-widget_type=\"heading.default\">\n\t\t\t\t<div class=\"elementor-widget-container\">\n\t\t\t\t\t<h2 class=\"elementor-heading-title elementor-size-default\">Histoire du club<\/h2>\t\t\t\t<\/div>\n\t\t\t\t<\/div>\n\t\t\t\t<div class=\"elementor-element elementor-element-34f997a elementor-widget elementor-widget-text-editor\" data-id=\"34f997a\" data-element_type=\"widget\" data-widget_type=\"text-editor.default\">\n\t\t\t\t<div class=\"elementor-widget-container\">\n\t\t\t\t\t\t\t\t\t<p>L&rsquo;histoire du Juvignac Rugby Club, c&rsquo;est l&rsquo;histoire d&rsquo;un club n\u00e9 en 2014 de la vision du maire de Juvignac et de passionn\u00e9s locaux.<\/p><p>Ce club familial est n\u00e9 avec seulement 20 licenci\u00e9s et 4 \u00e9ducateurs, mais son engagement et sa d\u00e9termination ont rapidement port\u00e9 leurs fruits. En l&rsquo;espace de 10 ans, notre club a prosp\u00e9r\u00e9, rassemblant d\u00e9sormais une famille de 200 licenci\u00e9s et 40 \u00e9ducateurs d\u00e9vou\u00e9s.<\/p><p>La plupart de nos \u00e9ducateurs sont issus de nos propres rangs, form\u00e9s et dipl\u00f4m\u00e9s au sein du club.<\/p><p>Le club est soutenu par de nombreux partenaires que vous pouvez retrouver dans la rubrique \u00ab\u00a0Nos partenaires\u00a0\u00bb.<\/p><p>Chaque jour, nous continuons \u00e0 \u00e9crire ensemble cette histoire, fa\u00e7onnant l&rsquo;avenir du rugby au JRC.<\/p>\t\t\t\t\t\t\t\t<\/div>\n\t\t\t\t<\/div>\n\t\t\t\t\t<\/div>\n\t\t\t\t<\/div>\n\t\t<div class=\"elementor-element elementor-element-683f594 e-flex e-con-boxed e-con e-parent\" data-id=\"683f594\" data-element_type=\"container\">\n\t\t\t\t\t<div class=\"e-con-inner\">\n\t\t\t\t<div class=\"elementor-element elementor-element-a866394 elementor-widget elementor-widget-heading\" data-id=\"a866394\" data-element_type=\"widget\" data-widget_type=\"heading.default\">\n\t\t\t\t<div class=\"elementor-widget-container\">\n\t\t\t\t\t<h2 class=\"elementor-heading-title elementor-size-default\">Notre cr\u00e9do<\/h2>\t\t\t\t<\/div>\n\t\t\t\t<\/div>\n\t\t\t\t<div class=\"elementor-element elementor-element-c4002e3 elementor-widget elementor-widget-text-editor\" data-id=\"c4002e3\" data-element_type=\"widget\" data-widget_type=\"text-editor.default\">\n\t\t\t\t<div class=\"elementor-widget-container\">\n\t\t\t\t\t\t\t\t\t<p><span style=\"caret-color: #0d0d0d; color: #0d0d0d; font-family: S\u00f6hne, ui-sans-serif, system-ui, -apple-system, 'Segoe UI', Roboto, Ubuntu, Cantarell, 'Noto Sans', sans-serif, 'Helvetica Neue', Arial, 'Apple Color Emoji', 'Segoe UI Emoji', 'Segoe UI Symbol', 'Noto Color Emoji'; white-space: pre-wrap;\">Inspir\u00e9s par les valeurs du rugby, nous nous engageons \u00e0 incarner l&rsquo;esprit d&rsquo;\u00e9quipe, le respect, la loyaut\u00e9 et la solidarit\u00e9. dans ce sport nous faisons preuve de fair-play sur et en dehors du terrain. Chez nous, ces valeurs ne sont pas seulement des mots, mais des principes que nous vivons au quotidien, fa\u00e7onnant ainsi notre identit\u00e9 et notre fa\u00e7on de travailler.<\/span><\/p>\t\t\t\t\t\t\t\t<\/div>\n\t\t\t\t<\/div>\n\t\t\t\t<div class=\"elementor-element elementor-element-5b81cda elementor-widget__width-inherit elementor-widget elementor-widget-eael-fancy-text\" data-id=\"5b81cda\" data-element_type=\"widget\" data-widget_type=\"eael-fancy-text.default\">\n\t\t\t\t<div class=\"elementor-widget-container\">\n\t\t\t\t\t\n\t<div  class=\"eael-fancy-text-container style-1\" data-fancy-text-id=\"5b81cda\" data-fancy-text=\"|UNE PASSION|UNE FAMILLE|DU PLAISIR|DE L&#039;ENGAGEMENT\" data-fancy-text-transition-type=\"typing\" data-fancy-text-speed=\"50\" data-fancy-text-delay=\"2500\" data-fancy-text-cursor=\"yes\" data-fancy-text-loop=\"yes\" data-fancy-text-action=\"page_load\" >\n\t\t\t\t\t<span class=\"eael-fancy-text-prefix\">Le JRC c'est <\/span>\n\t\t\n\t\t\n\t\t\t\t\t<span id=\"eael-fancy-text-5b81cda\" class=\"eael-fancy-text-strings solid-color\">\n\t\t\t\t<noscript>\n\t\t\t\t\tUNE PASSION, UNE FAMILLE, DU PLAISIR, DE L'ENGAGEMENT\t\t\t\t<\/noscript>\n\t\t\t<\/span>\n\t\t\n\t\t\t<\/div><!-- close .eael-fancy-text-container -->\n\n\t<div class=\"clearfix\"><\/div>\n\n\t\t\t\t\t<\/div>\n\t\t\t\t<\/div>\n\t\t\t\t<div class=\"elementor-element elementor-element-b12a198 elementor-widget elementor-widget-text-editor\" data-id=\"b12a198\" data-element_type=\"widget\" data-widget_type=\"text-editor.default\">\n\t\t\t\t<div class=\"elementor-widget-container\">\n\t\t\t\t\t\t\t\t\t<p>&#8230;et surtout <span style=\"color: #2fdf1f;\">UNE BELLE HISTOIRE<\/span><\/p>\t\t\t\t\t\t\t\t<\/div>\n\t\t\t\t<\/div>\n\t\t\t\t\t<\/div>\n\t\t\t\t<\/div>\n\t\t<div class=\"elementor-element elementor-element-43d611c e-flex e-con-boxed e-con e-parent\" data-id=\"43d611c\" data-element_type=\"container\">\n\t\t\t\t\t<div class=\"e-con-inner\">\n\t\t<div class=\"elementor-element elementor-element-c0e27ac e-con-full e-flex e-con e-child\" data-id=\"c0e27ac\" data-element_type=\"container\">\n\t\t\t\t<div class=\"elementor-element elementor-element-1c3411f elementor-widget elementor-widget-image\" data-id=\"1c3411f\" data-element_type=\"widget\" data-widget_type=\"image.default\">\n\t\t\t\t<div class=\"elementor-widget-container\">\n\t\t\t\t\t\t\t\t\t\t\t\t\t\t\t<img fetchpriority=\"high\" decoding=\"async\" width=\"800\" height=\"377\" src=\"https:\/\/juvignac-rc.fr\/wp-content\/uploads\/2025\/02\/WhatsApp-Image-2025-02-04-at-09.18.54-1024x482.jpeg\" class=\"attachment-large size-large wp-image-1807\" alt=\"\" srcset=\"https:\/\/juvignac-rc.fr\/wp-content\/uploads\/2025\/02\/WhatsApp-Image-2025-02-04-at-09.18.54-1024x482.jpeg 1024w, https:\/\/juvignac-rc.fr\/wp-content\/uploads\/2025\/02\/WhatsApp-Image-2025-02-04-at-09.18.54-300x141.jpeg 300w, https:\/\/juvignac-rc.fr\/wp-content\/uploads\/2025\/02\/WhatsApp-Image-2025-02-04-at-09.18.54-768x361.jpeg 768w, https:\/\/juvignac-rc.fr\/wp-content\/uploads\/2025\/02\/WhatsApp-Image-2025-02-04-at-09.18.54-1536x723.jpeg 1536w, https:\/\/juvignac-rc.fr\/wp-content\/uploads\/2025\/02\/WhatsApp-Image-2025-02-04-at-09.18.54.jpeg 1857w\" sizes=\"(max-width: 800px) 100vw, 800px\" \/>\t\t\t\t\t\t\t\t\t\t\t\t\t\t\t<\/div>\n\t\t\t\t<\/div>\n\t\t\t\t<\/div>\n\t\t<div class=\"elementor-element elementor-element-8341ccf e-con-full e-flex e-con e-child\" data-id=\"8341ccf\" data-element_type=\"container\">\n\t\t\t\t<div class=\"elementor-element elementor-element-aa5e50d elementor-widget elementor-widget-image\" data-id=\"aa5e50d\" data-element_type=\"widget\" data-widget_type=\"image.default\">\n\t\t\t\t<div class=\"elementor-widget-container\">\n\t\t\t\t\t\t\t\t\t\t\t\t\t\t\t<img decoding=\"async\" width=\"800\" height=\"648\" src=\"https:\/\/juvignac-rc.fr\/wp-content\/uploads\/2025\/02\/WhatsApp-Image-2025-02-04-at-09.27.06-e1739266355520-1024x829.jpeg\" class=\"attachment-large size-large wp-image-1817\" alt=\"\" srcset=\"https:\/\/juvignac-rc.fr\/wp-content\/uploads\/2025\/02\/WhatsApp-Image-2025-02-04-at-09.27.06-e1739266355520-1024x829.jpeg 1024w, https:\/\/juvignac-rc.fr\/wp-content\/uploads\/2025\/02\/WhatsApp-Image-2025-02-04-at-09.27.06-e1739266355520-300x243.jpeg 300w, https:\/\/juvignac-rc.fr\/wp-content\/uploads\/2025\/02\/WhatsApp-Image-2025-02-04-at-09.27.06-e1739266355520-768x622.jpeg 768w, https:\/\/juvignac-rc.fr\/wp-content\/uploads\/2025\/02\/WhatsApp-Image-2025-02-04-at-09.27.06-e1739266355520.jpeg 1536w\" sizes=\"(max-width: 800px) 100vw, 800px\" \/>\t\t\t\t\t\t\t\t\t\t\t\t\t\t\t<\/div>\n\t\t\t\t<\/div>\n\t\t\t\t<\/div>\n\t\t<div class=\"elementor-element elementor-element-99dcd2a e-con-full e-flex e-con e-child\" data-id=\"99dcd2a\" data-element_type=\"container\">\n\t\t\t\t<div class=\"elementor-element elementor-element-e83ccc1 elementor-widget elementor-widget-image\" data-id=\"e83ccc1\" data-element_type=\"widget\" data-widget_type=\"image.default\">\n\t\t\t\t<div class=\"elementor-widget-container\">\n\t\t\t\t\t\t\t\t\t\t\t\t\t\t\t<img decoding=\"async\" width=\"800\" height=\"715\" src=\"https:\/\/juvignac-rc.fr\/wp-content\/uploads\/2025\/02\/WhatsApp-Image-2025-02-04-at-09.19.23-1024x915.jpeg\" class=\"attachment-large size-large wp-image-1808\" alt=\"\" srcset=\"https:\/\/juvignac-rc.fr\/wp-content\/uploads\/2025\/02\/WhatsApp-Image-2025-02-04-at-09.19.23-1024x915.jpeg 1024w, https:\/\/juvignac-rc.fr\/wp-content\/uploads\/2025\/02\/WhatsApp-Image-2025-02-04-at-09.19.23-300x268.jpeg 300w, https:\/\/juvignac-rc.fr\/wp-content\/uploads\/2025\/02\/WhatsApp-Image-2025-02-04-at-09.19.23-768x686.jpeg 768w, https:\/\/juvignac-rc.fr\/wp-content\/uploads\/2025\/02\/WhatsApp-Image-2025-02-04-at-09.19.23-1536x1373.jpeg 1536w, https:\/\/juvignac-rc.fr\/wp-content\/uploads\/2025\/02\/WhatsApp-Image-2025-02-04-at-09.19.23.jpeg 2023w\" sizes=\"(max-width: 800px) 100vw, 800px\" \/>\t\t\t\t\t\t\t\t\t\t\t\t\t\t\t<\/div>\n\t\t\t\t<\/div>\n\t\t\t\t<\/div>\n\t\t\t\t\t<\/div>\n\t\t\t\t<\/div>\n\t\t\t\t<\/div>\n\t\t","protected":false},"excerpt":{"rendered":"<p>Histoire du club L&rsquo;histoire du Juvignac Rugby Club, c&rsquo;est l&rsquo;histoire d&rsquo;un club n\u00e9 en 2014 de la vision du maire de Juvignac et de passionn\u00e9s locaux. Ce club familial est n\u00e9 avec seulement 20 licenci\u00e9s et 4 \u00e9ducateurs, mais son engagement et sa d\u00e9termination ont rapidement port\u00e9 leurs fruits. En l&rsquo;espace de 10 ans, notre [&hellip;]<\/p>\n","protected":false},"author":1,"featured_media":0,"parent":0,"menu_order":0,"comment_status":"closed","ping_status":"closed","template":"elementor_header_footer","meta":{"footnotes":""},"class_list":["post-324","page","type-page","status-publish","hentry"],"_links":{"self":[{"href":"https:\/\/juvignac-rc.fr\/index.php\/wp-json\/wp\/v2\/pages\/324","targetHints":{"allow":["GET"]}}],"collection":[{"href":"https:\/\/juvignac-rc.fr\/index.php\/wp-json\/wp\/v2\/pages"}],"about":[{"href":"https:\/\/juvignac-rc.fr\/index.php\/wp-json\/wp\/v2\/types\/page"}],"author":[{"embeddable":true,"href":"https:\/\/juvignac-rc.fr\/index.php\/wp-json\/wp\/v2\/users\/1"}],"replies":[{"embeddable":true,"href":"https:\/\/juvignac-rc.fr\/index.php\/wp-json\/wp\/v2\/comments?post=324"}],"version-history":[{"count":34,"href":"https:\/\/juvignac-rc.fr\/index.php\/wp-json\/wp\/v2\/pages\/324\/revisions"}],"predecessor-version":[{"id":1964,"href":"https:\/\/juvignac-rc.fr\/index.php\/wp-json\/wp\/v2\/pages\/324\/revisions\/1964"}],"wp:attachment":[{"href":"https:\/\/juvignac-rc.fr\/index.php\/wp-json\/wp\/v2\/media?parent=324"}],"curies":[{"name":"wp","href":"https:\/\/api.w.org\/{rel}","templated":true}]}}