{"id":1786,"date":"2025-02-04T12:55:41","date_gmt":"2025-02-04T11:55:41","guid":{"rendered":"https:\/\/juvignac-rc.fr\/?page_id=1786"},"modified":"2026-03-09T16:18:01","modified_gmt":"2026-03-09T15:18:01","slug":"accueil-copy","status":"publish","type":"page","link":"https:\/\/juvignac-rc.fr\/","title":{"rendered":"Accueil"},"content":{"rendered":"\t\t<div data-elementor-type=\"wp-page\" data-elementor-id=\"1786\" class=\"elementor elementor-1786\" data-elementor-post-type=\"page\">\n\t\t\t\t<div class=\"elementor-element elementor-element-22186d7 e-con-full e-flex e-con e-parent\" data-id=\"22186d7\" data-element_type=\"container\" data-settings=\"{&quot;background_background&quot;:&quot;classic&quot;}\">\n\t\t<div class=\"elementor-element elementor-element-c7d2697 e-flex e-con-boxed e-con e-child\" data-id=\"c7d2697\" data-element_type=\"container\">\n\t\t\t\t\t<div class=\"e-con-inner\">\n\t\t<div class=\"elementor-element elementor-element-c02fa5b e-con-full e-flex e-con e-child\" data-id=\"c02fa5b\" data-element_type=\"container\">\n\t\t\t\t<div class=\"elementor-element elementor-element-c13e162 elementor-widget elementor-widget-image\" data-id=\"c13e162\" data-element_type=\"widget\" data-widget_type=\"image.default\">\n\t\t\t\t<div class=\"elementor-widget-container\">\n\t\t\t\t\t\t\t\t\t\t\t\t\t\t\t<img fetchpriority=\"high\" decoding=\"async\" width=\"512\" height=\"512\" src=\"https:\/\/juvignac-rc.fr\/wp-content\/uploads\/2024\/12\/cropped-Juvignac-Rugby-Club-logo.png\" class=\"attachment-large size-large wp-image-1421\" alt=\"\" srcset=\"https:\/\/juvignac-rc.fr\/wp-content\/uploads\/2024\/12\/cropped-Juvignac-Rugby-Club-logo.png 512w, https:\/\/juvignac-rc.fr\/wp-content\/uploads\/2024\/12\/cropped-Juvignac-Rugby-Club-logo-300x300.png 300w, https:\/\/juvignac-rc.fr\/wp-content\/uploads\/2024\/12\/cropped-Juvignac-Rugby-Club-logo-150x150.png 150w, https:\/\/juvignac-rc.fr\/wp-content\/uploads\/2024\/12\/cropped-Juvignac-Rugby-Club-logo-270x270.png 270w, https:\/\/juvignac-rc.fr\/wp-content\/uploads\/2024\/12\/cropped-Juvignac-Rugby-Club-logo-192x192.png 192w, https:\/\/juvignac-rc.fr\/wp-content\/uploads\/2024\/12\/cropped-Juvignac-Rugby-Club-logo-180x180.png 180w, https:\/\/juvignac-rc.fr\/wp-content\/uploads\/2024\/12\/cropped-Juvignac-Rugby-Club-logo-32x32.png 32w\" sizes=\"(max-width: 512px) 100vw, 512px\" \/>\t\t\t\t\t\t\t\t\t\t\t\t\t\t\t<\/div>\n\t\t\t\t<\/div>\n\t\t\t\t<\/div>\n\t\t<div class=\"elementor-element elementor-element-e8cf0a9 e-con-full e-flex e-con e-child\" data-id=\"e8cf0a9\" data-element_type=\"container\">\n\t\t\t\t<div class=\"elementor-element elementor-element-20f32c1 elementor-widget elementor-widget-text-editor\" data-id=\"20f32c1\" data-element_type=\"widget\" data-widget_type=\"text-editor.default\">\n\t\t\t\t<div class=\"elementor-widget-container\">\n\t\t\t\t\t\t\t\t\t<h1><span style=\"color: #ffffff;\"><b><span style=\"color: #2fdf1f;\">J<\/span>uvignac<\/b><\/span><\/h1><h1><span style=\"color: #ffffff;\"><b><span style=\"color: #2fdf1f;\">R<\/span>ugby<\/b><\/span><\/h1><h1><span style=\"color: #ffffff;\"><b><span style=\"color: #2fdf1f;\">C<\/span>lub<\/b><\/span><\/h1>\t\t\t\t\t\t\t\t<\/div>\n\t\t\t\t<\/div>\n\t\t\t\t<\/div>\n\t\t<div class=\"elementor-element elementor-element-04c365a e-con-full e-flex e-con e-child\" data-id=\"04c365a\" data-element_type=\"container\">\n\t\t\t\t<div class=\"elementor-element elementor-element-462764d elementor-widget__width-initial e-transform elementor-widget elementor-widget-image\" data-id=\"462764d\" data-element_type=\"widget\" data-settings=\"{&quot;_transform_translateY_effect&quot;:{&quot;unit&quot;:&quot;px&quot;,&quot;size&quot;:-19,&quot;sizes&quot;:[]},&quot;_transform_translateX_effect&quot;:{&quot;unit&quot;:&quot;px&quot;,&quot;size&quot;:&quot;&quot;,&quot;sizes&quot;:[]},&quot;_transform_translateX_effect_tablet&quot;:{&quot;unit&quot;:&quot;px&quot;,&quot;size&quot;:&quot;&quot;,&quot;sizes&quot;:[]},&quot;_transform_translateX_effect_mobile&quot;:{&quot;unit&quot;:&quot;px&quot;,&quot;size&quot;:&quot;&quot;,&quot;sizes&quot;:[]},&quot;_transform_translateY_effect_tablet&quot;:{&quot;unit&quot;:&quot;px&quot;,&quot;size&quot;:&quot;&quot;,&quot;sizes&quot;:[]},&quot;_transform_translateY_effect_mobile&quot;:{&quot;unit&quot;:&quot;px&quot;,&quot;size&quot;:&quot;&quot;,&quot;sizes&quot;:[]}}\" data-widget_type=\"image.default\">\n\t\t\t\t<div class=\"elementor-widget-container\">\n\t\t\t\t\t\t\t\t\t\t\t\t\t\t\t<img decoding=\"async\" width=\"441\" height=\"566\" src=\"https:\/\/juvignac-rc.fr\/wp-content\/uploads\/2025\/02\/labellisee_FFR-removebg-preview.png\" class=\"attachment-large size-large wp-image-1793\" alt=\"\" srcset=\"https:\/\/juvignac-rc.fr\/wp-content\/uploads\/2025\/02\/labellisee_FFR-removebg-preview.png 441w, https:\/\/juvignac-rc.fr\/wp-content\/uploads\/2025\/02\/labellisee_FFR-removebg-preview-234x300.png 234w\" sizes=\"(max-width: 441px) 100vw, 441px\" \/>\t\t\t\t\t\t\t\t\t\t\t\t\t\t\t<\/div>\n\t\t\t\t<\/div>\n\t\t\t\t<\/div>\n\t\t<div class=\"elementor-element elementor-element-6e049b0 e-con-full e-flex e-con e-child\" data-id=\"6e049b0\" data-element_type=\"container\">\n\t\t\t\t<div class=\"elementor-element elementor-element-f409664 elementor-widget elementor-widget-text-editor\" data-id=\"f409664\" data-element_type=\"widget\" data-widget_type=\"text-editor.default\">\n\t\t\t\t<div class=\"elementor-widget-container\">\n\t\t\t\t\t\t\t\t\t<h1><span style=\"color: #ffffff;\"><b><span style=\"color: #d1ad3f;\">\u00c9<\/span>cole<\/b><\/span><\/h1><h1><span style=\"color: #ffffff;\"><b><span style=\"color: #d1ad3f;\">L<\/span>abellis\u00e9e<\/b><\/span><\/h1><h1><span style=\"color: #ffffff;\"><b><span style=\"color: #d1ad3f;\">F<\/span>FR<\/b><\/span><\/h1>\t\t\t\t\t\t\t\t<\/div>\n\t\t\t\t<\/div>\n\t\t\t\t<\/div>\n\t\t\t\t\t<\/div>\n\t\t\t\t<\/div>\n\t\t<div class=\"elementor-element elementor-element-6c627c0 e-flex e-con-boxed e-con e-child\" data-id=\"6c627c0\" data-element_type=\"container\">\n\t\t\t\t\t<div class=\"e-con-inner\">\n\t\t\t\t\t<\/div>\n\t\t\t\t<\/div>\n\t\t\t\t<\/div>\n\t\t<div class=\"elementor-element elementor-element-9ae62df e-flex e-con-boxed e-con e-parent\" data-id=\"9ae62df\" data-element_type=\"container\">\n\t\t\t\t\t<div class=\"e-con-inner\">\n\t\t\t\t<div class=\"elementor-element elementor-element-722b958 elementor-widget elementor-widget-heading\" data-id=\"722b958\" data-element_type=\"widget\" data-widget_type=\"heading.default\">\n\t\t\t\t<div class=\"elementor-widget-container\">\n\t\t\t\t\t<h1 class=\"elementor-heading-title elementor-size-default\">Informations \u00e0 retenir<\/h1>\t\t\t\t<\/div>\n\t\t\t\t<\/div>\n\t\t<div class=\"elementor-element elementor-element-a5dc2cc e-con-full e-flex e-con e-child\" data-id=\"a5dc2cc\" data-element_type=\"container\">\n\t\t\t\t<\/div>\n\t\t\t\t<div class=\"elementor-element elementor-element-f129b33 elementor-widget elementor-widget-heading\" data-id=\"f129b33\" data-element_type=\"widget\" data-widget_type=\"heading.default\">\n\t\t\t\t<div class=\"elementor-widget-container\">\n\t\t\t\t\t<h2 class=\"elementor-heading-title elementor-size-default\">Dates plateaux\/tournois<\/h2>\t\t\t\t<\/div>\n\t\t\t\t<\/div>\n\t\t\t\t<div class=\"elementor-element elementor-element-2e3f742 elementor-widget elementor-widget-text-editor\" data-id=\"2e3f742\" data-element_type=\"widget\" data-widget_type=\"text-editor.default\">\n\t\t\t\t<div class=\"elementor-widget-container\">\n\t\t\t\t\t\t\t\t\t<p>Toutes les dates des plateaux et tournois \u00e0 venir sont renseign\u00e9es dans l&rsquo;onglet \u00ab\u00a0Calendrier\u00a0\u00bb de la rubrique \u00ab\u00a0\u00c9cole de rugby\u00a0\u00bb.<\/p>\t\t\t\t\t\t\t\t<\/div>\n\t\t\t\t<\/div>\n\t\t\t\t<div class=\"elementor-element elementor-element-a40e820 elementor-widget elementor-widget-heading\" data-id=\"a40e820\" data-element_type=\"widget\" data-widget_type=\"heading.default\">\n\t\t\t\t<div class=\"elementor-widget-container\">\n\t\t\t\t\t<h2 class=\"elementor-heading-title elementor-size-default\">Suivez-nous sur les r\u00e9seaux !<\/h2>\t\t\t\t<\/div>\n\t\t\t\t<\/div>\n\t\t\t\t<div class=\"elementor-element elementor-element-93afc3c elementor-widget elementor-widget-text-editor\" data-id=\"93afc3c\" data-element_type=\"widget\" data-widget_type=\"text-editor.default\">\n\t\t\t\t<div class=\"elementor-widget-container\">\n\t\t\t\t\t\t\t\t\t<p>Le JRC est d\u00e9sormais pr\u00e9sent sur Facebook et Instagram, n&rsquo;h\u00e9sitez pas \u00e0 suivre notre actualit\u00e9 sur ces r\u00e9seaux.<\/p><p><a href=\"http:\/\/facebook.com\/juvignacrugbyclub\">http:\/\/facebook.com\/juvignacrugbyclub<\/a><\/p><p><b>@juvignacrugbyclub<\/b><\/p>\t\t\t\t\t\t\t\t<\/div>\n\t\t\t\t<\/div>\n\t\t\t\t\t<\/div>\n\t\t\t\t<\/div>\n\t\t<div class=\"elementor-element elementor-element-56f347a e-flex e-con-boxed e-con e-parent\" data-id=\"56f347a\" data-element_type=\"container\" data-settings=\"{&quot;background_background&quot;:&quot;classic&quot;}\">\n\t\t\t\t\t<div class=\"e-con-inner\">\n\t\t\t\t<div class=\"elementor-element elementor-element-ddda511 elementor-widget elementor-widget-heading\" data-id=\"ddda511\" data-element_type=\"widget\" data-widget_type=\"heading.default\">\n\t\t\t\t<div class=\"elementor-widget-container\">\n\t\t\t\t\t<h2 class=\"elementor-heading-title elementor-size-default\">Actualit\u00e9s<\/h2>\t\t\t\t<\/div>\n\t\t\t\t<\/div>\n\t\t\t\t\t<\/div>\n\t\t\t\t<\/div>\n\t\t<div class=\"elementor-element elementor-element-3f8b680 e-flex e-con-boxed e-con e-parent\" data-id=\"3f8b680\" data-element_type=\"container\" data-settings=\"{&quot;background_background&quot;:&quot;classic&quot;}\">\n\t\t\t\t\t<div class=\"e-con-inner\">\n\t\t<div class=\"elementor-element elementor-element-1460a26 e-con-full e-flex e-con e-child\" data-id=\"1460a26\" data-element_type=\"container\">\n\t\t\t\t<div class=\"elementor-element elementor-element-879dd56 elementor-widget elementor-widget-image\" data-id=\"879dd56\" data-element_type=\"widget\" data-widget_type=\"image.default\">\n\t\t\t\t<div class=\"elementor-widget-container\">\n\t\t\t\t\t\t\t\t\t\t\t\t\t\t\t<img decoding=\"async\" width=\"768\" height=\"1024\" src=\"https:\/\/juvignac-rc.fr\/wp-content\/uploads\/2025\/04\/IMG_5919-768x1024.png\" class=\"attachment-large size-large wp-image-2110\" alt=\"\" srcset=\"https:\/\/juvignac-rc.fr\/wp-content\/uploads\/2025\/04\/IMG_5919-768x1024.png 768w, https:\/\/juvignac-rc.fr\/wp-content\/uploads\/2025\/04\/IMG_5919-225x300.png 225w, https:\/\/juvignac-rc.fr\/wp-content\/uploads\/2025\/04\/IMG_5919-1152x1536.png 1152w, https:\/\/juvignac-rc.fr\/wp-content\/uploads\/2025\/04\/IMG_5919-1536x2048.png 1536w\" sizes=\"(max-width: 768px) 100vw, 768px\" \/>\t\t\t\t\t\t\t\t\t\t\t\t\t\t\t<\/div>\n\t\t\t\t<\/div>\n\t\t\t\t<\/div>\n\t\t<div class=\"elementor-element elementor-element-d69400d e-con-full e-flex e-con e-child\" data-id=\"d69400d\" data-element_type=\"container\">\n\t\t\t\t<div class=\"elementor-element elementor-element-a564480 elementor-widget elementor-widget-heading\" data-id=\"a564480\" data-element_type=\"widget\" data-widget_type=\"heading.default\">\n\t\t\t\t<div class=\"elementor-widget-container\">\n\t\t\t\t\t<h2 class=\"elementor-heading-title elementor-size-default\">Accrobranche, Festikid et Match mi-temps<\/h2>\t\t\t\t<\/div>\n\t\t\t\t<\/div>\n\t\t\t\t<div class=\"elementor-element elementor-element-995087b elementor-widget elementor-widget-text-editor\" data-id=\"995087b\" data-element_type=\"widget\" data-widget_type=\"text-editor.default\">\n\t\t\t\t<div class=\"elementor-widget-container\">\n\t\t\t\t\t\t\t\t\t<p>Ce samedi, nos U6 ont pris de la hauteur \u00e0 l\u2019accrobranche \ud83c\udf32\ud83d\udcaa pendant que les U8 (Jacou) et U10 (Pic Saint-Loup) mettaient le feu au FESTIKID \ud83d\udd25\ud83c\udf89<\/p><p>Nos U12 ont quant \u00e0 eux particip\u00e9 au match mi-temps de MHR-Gloucester, contre le Pic Saint-Loup, avec beaucoup de jeu et de belles actions.<\/p><p>Entre rires, aventures et belles performances, c\u2019\u00e9tait la recette parfaite avant le dernier entra\u00eenement\u2026 et les vacances de P\u00e2ques \ud83d\udc23\ud83d\udc9a<\/p>\t\t\t\t\t\t\t\t<\/div>\n\t\t\t\t<\/div>\n\t\t\t\t<\/div>\n\t\t\t\t\t<\/div>\n\t\t\t\t<\/div>\n\t\t<div class=\"elementor-element elementor-element-b2733a6 e-flex e-con-boxed e-con e-parent\" data-id=\"b2733a6\" data-element_type=\"container\" data-settings=\"{&quot;background_background&quot;:&quot;classic&quot;}\">\n\t\t\t\t\t<div class=\"e-con-inner\">\n\t\t<div class=\"elementor-element elementor-element-7042d72 e-con-full e-flex e-con e-child\" data-id=\"7042d72\" data-element_type=\"container\">\n\t\t\t\t<div class=\"elementor-element elementor-element-8f9aabb elementor-widget elementor-widget-heading\" data-id=\"8f9aabb\" data-element_type=\"widget\" data-widget_type=\"heading.default\">\n\t\t\t\t<div class=\"elementor-widget-container\">\n\t\t\t\t\t<h2 class=\"elementor-heading-title elementor-size-default\">Go\u00fbter des partenaires<\/h2>\t\t\t\t<\/div>\n\t\t\t\t<\/div>\n\t\t\t\t<div class=\"elementor-element elementor-element-79b1b6d elementor-widget elementor-widget-text-editor\" data-id=\"79b1b6d\" data-element_type=\"widget\" data-widget_type=\"text-editor.default\">\n\t\t\t\t<div class=\"elementor-widget-container\">\n\t\t\t\t\t\t\t\t\t<div class=\"xdj266r x11i5rnm xat24cr x1mh8g0r x1vvkbs x126k92a\"><div dir=\"auto\">Go\u00fbter des partenaires \u00e9pisode 5<\/div><div dir=\"auto\">\u00a0<\/div><\/div><div class=\"x11i5rnm xat24cr x1mh8g0r x1vvkbs xtlvy1s x126k92a\"><div dir=\"auto\">Notre partenaire Oxytalis Campus \u00e9tait pr\u00e9sent ce mercredi 26 Mars pour partager un entra\u00eenement avec nos enfants pour un vrai moment de convivialit\u00e9 !<\/div><\/div><div dir=\"auto\">\u00a0<\/div><div dir=\"auto\">Lyam Akrab, \u00e9tudiant chez Oxytalis Campus et coach chez nous, \u00e9tait \u00e9galement pr\u00e9sent avec sa m\u00e9daille du tournoi des 6 nations ! Beaucoup d&rsquo;admiration et de fiert\u00e9 pour notre chouchou<span class=\"JCzEY tNxQIb\"><span class=\"CSkcDe\"> \ud83e\udd29<\/span><\/span><div class=\"p8Jhnd\"><div class=\"aj35ze\">\u00a0<\/div><\/div><\/div>\t\t\t\t\t\t\t\t<\/div>\n\t\t\t\t<\/div>\n\t\t\t\t<\/div>\n\t\t<div class=\"elementor-element elementor-element-a8e1f92 e-con-full e-flex e-con e-child\" data-id=\"a8e1f92\" data-element_type=\"container\">\n\t\t\t\t<div class=\"elementor-element elementor-element-2f762d8 elementor-widget elementor-widget-image\" data-id=\"2f762d8\" data-element_type=\"widget\" data-widget_type=\"image.default\">\n\t\t\t\t<div class=\"elementor-widget-container\">\n\t\t\t\t\t\t\t\t\t\t\t\t\t\t\t<img loading=\"lazy\" decoding=\"async\" width=\"800\" height=\"600\" src=\"https:\/\/juvignac-rc.fr\/wp-content\/uploads\/2025\/03\/65660352-da2f-4600-91ef-8f1b64821f96-1024x768.jpg\" class=\"attachment-large size-large wp-image-2100\" alt=\"\" srcset=\"https:\/\/juvignac-rc.fr\/wp-content\/uploads\/2025\/03\/65660352-da2f-4600-91ef-8f1b64821f96-1024x768.jpg 1024w, https:\/\/juvignac-rc.fr\/wp-content\/uploads\/2025\/03\/65660352-da2f-4600-91ef-8f1b64821f96-300x225.jpg 300w, https:\/\/juvignac-rc.fr\/wp-content\/uploads\/2025\/03\/65660352-da2f-4600-91ef-8f1b64821f96-768x576.jpg 768w, https:\/\/juvignac-rc.fr\/wp-content\/uploads\/2025\/03\/65660352-da2f-4600-91ef-8f1b64821f96-1536x1152.jpg 1536w, https:\/\/juvignac-rc.fr\/wp-content\/uploads\/2025\/03\/65660352-da2f-4600-91ef-8f1b64821f96.jpg 2048w\" sizes=\"(max-width: 800px) 100vw, 800px\" \/>\t\t\t\t\t\t\t\t\t\t\t\t\t\t\t<\/div>\n\t\t\t\t<\/div>\n\t\t\t\t<\/div>\n\t\t\t\t\t<\/div>\n\t\t\t\t<\/div>\n\t\t<div class=\"elementor-element elementor-element-6c499e0 e-flex e-con-boxed e-con e-parent\" data-id=\"6c499e0\" data-element_type=\"container\" data-settings=\"{&quot;background_background&quot;:&quot;classic&quot;}\">\n\t\t\t\t\t<div class=\"e-con-inner\">\n\t\t\t\t<div class=\"elementor-element elementor-element-30b93e0 elementor-widget elementor-widget-heading\" data-id=\"30b93e0\" data-element_type=\"widget\" data-widget_type=\"heading.default\">\n\t\t\t\t<div class=\"elementor-widget-container\">\n\t\t\t\t\t<h2 class=\"elementor-heading-title elementor-size-default\">Les moments exceptionnels<\/h2>\t\t\t\t<\/div>\n\t\t\t\t<\/div>\n\t\t\t\t\t<\/div>\n\t\t\t\t<\/div>\n\t\t<div class=\"elementor-element elementor-element-79f3fed e-flex e-con-boxed e-con e-parent\" data-id=\"79f3fed\" data-element_type=\"container\" data-settings=\"{&quot;background_background&quot;:&quot;classic&quot;}\">\n\t\t\t\t\t<div class=\"e-con-inner\">\n\t\t\t\t\t<\/div>\n\t\t\t\t<\/div>\n\t\t\t\t<\/div>\n\t\t","protected":false},"excerpt":{"rendered":"<p>Juvignac Rugby Club \u00c9cole Labellis\u00e9e FFR Informations \u00e0 retenir Dates plateaux\/tournois Toutes les dates des plateaux et tournois \u00e0 venir sont renseign\u00e9es dans l&rsquo;onglet \u00ab\u00a0Calendrier\u00a0\u00bb de la rubrique \u00ab\u00a0\u00c9cole de rugby\u00a0\u00bb. Suivez-nous sur les r\u00e9seaux ! Le JRC est d\u00e9sormais pr\u00e9sent sur Facebook et Instagram, n&rsquo;h\u00e9sitez pas \u00e0 suivre notre actualit\u00e9 sur ces r\u00e9seaux. http:\/\/facebook.com\/juvignacrugbyclub [&hellip;]<\/p>\n","protected":false},"author":1,"featured_media":0,"parent":0,"menu_order":0,"comment_status":"closed","ping_status":"closed","template":"elementor_header_footer","meta":{"footnotes":""},"class_list":["post-1786","page","type-page","status-publish","hentry"],"_links":{"self":[{"href":"https:\/\/juvignac-rc.fr\/index.php\/wp-json\/wp\/v2\/pages\/1786","targetHints":{"allow":["GET"]}}],"collection":[{"href":"https:\/\/juvignac-rc.fr\/index.php\/wp-json\/wp\/v2\/pages"}],"about":[{"href":"https:\/\/juvignac-rc.fr\/index.php\/wp-json\/wp\/v2\/types\/page"}],"author":[{"embeddable":true,"href":"https:\/\/juvignac-rc.fr\/index.php\/wp-json\/wp\/v2\/users\/1"}],"replies":[{"embeddable":true,"href":"https:\/\/juvignac-rc.fr\/index.php\/wp-json\/wp\/v2\/comments?post=1786"}],"version-history":[{"count":85,"href":"https:\/\/juvignac-rc.fr\/index.php\/wp-json\/wp\/v2\/pages\/1786\/revisions"}],"predecessor-version":[{"id":2244,"href":"https:\/\/juvignac-rc.fr\/index.php\/wp-json\/wp\/v2\/pages\/1786\/revisions\/2244"}],"wp:attachment":[{"href":"https:\/\/juvignac-rc.fr\/index.php\/wp-json\/wp\/v2\/media?parent=1786"}],"curies":[{"name":"wp","href":"https:\/\/api.w.org\/{rel}","templated":true}]}}